{"id":568,"date":"2025-11-14T13:13:19","date_gmt":"2025-11-14T13:13:19","guid":{"rendered":"https:\/\/ztcinternational.eu\/mentions-legales\/"},"modified":"2025-11-30T15:54:27","modified_gmt":"2025-11-30T15:54:27","slug":"mentions-legales","status":"publish","type":"page","link":"https:\/\/ztcinternational.eu\/fr\/mentions-legales\/","title":{"rendered":"Mentions l\u00e9gales"},"content":{"rendered":"\t\t<div data-elementor-type=\"wp-page\" data-elementor-id=\"568\" class=\"elementor elementor-568 elementor-500\" data-elementor-settings=\"{&quot;element_pack_global_tooltip_width&quot;:{&quot;unit&quot;:&quot;px&quot;,&quot;size&quot;:&quot;&quot;,&quot;sizes&quot;:[]},&quot;element_pack_global_tooltip_width_tablet&quot;:{&quot;unit&quot;:&quot;px&quot;,&quot;size&quot;:&quot;&quot;,&quot;sizes&quot;:[]},&quot;element_pack_global_tooltip_width_mobile&quot;:{&quot;unit&quot;:&quot;px&quot;,&quot;size&quot;:&quot;&quot;,&quot;sizes&quot;:[]},&quot;element_pack_global_tooltip_padding&quot;:{&quot;unit&quot;:&quot;px&quot;,&quot;top&quot;:&quot;&quot;,&quot;right&quot;:&quot;&quot;,&quot;bottom&quot;:&quot;&quot;,&quot;left&quot;:&quot;&quot;,&quot;isLinked&quot;:true},&quot;element_pack_global_tooltip_padding_tablet&quot;:{&quot;unit&quot;:&quot;px&quot;,&quot;top&quot;:&quot;&quot;,&quot;right&quot;:&quot;&quot;,&quot;bottom&quot;:&quot;&quot;,&quot;left&quot;:&quot;&quot;,&quot;isLinked&quot;:true},&quot;element_pack_global_tooltip_padding_mobile&quot;:{&quot;unit&quot;:&quot;px&quot;,&quot;top&quot;:&quot;&quot;,&quot;right&quot;:&quot;&quot;,&quot;bottom&quot;:&quot;&quot;,&quot;left&quot;:&quot;&quot;,&quot;isLinked&quot;:true},&quot;element_pack_global_tooltip_border_radius&quot;:{&quot;unit&quot;:&quot;px&quot;,&quot;top&quot;:&quot;&quot;,&quot;right&quot;:&quot;&quot;,&quot;bottom&quot;:&quot;&quot;,&quot;left&quot;:&quot;&quot;,&quot;isLinked&quot;:true},&quot;element_pack_global_tooltip_border_radius_tablet&quot;:{&quot;unit&quot;:&quot;px&quot;,&quot;top&quot;:&quot;&quot;,&quot;right&quot;:&quot;&quot;,&quot;bottom&quot;:&quot;&quot;,&quot;left&quot;:&quot;&quot;,&quot;isLinked&quot;:true},&quot;element_pack_global_tooltip_border_radius_mobile&quot;:{&quot;unit&quot;:&quot;px&quot;,&quot;top&quot;:&quot;&quot;,&quot;right&quot;:&quot;&quot;,&quot;bottom&quot;:&quot;&quot;,&quot;left&quot;:&quot;&quot;,&quot;isLinked&quot;:true}}\" data-elementor-post-type=\"page\">\n\t\t\t\t<div class=\"elementor-element elementor-element-66d1338 e-flex e-con-boxed e-con e-parent\" data-id=\"66d1338\" data-element_type=\"container\">\n\t\t\t\t\t<div class=\"e-con-inner\">\n\t\t\t\t<div class=\"elementor-element elementor-element-e962ae6 elementor-widget elementor-widget-text-editor\" data-id=\"e962ae6\" data-element_type=\"widget\" data-widget_type=\"text-editor.default\">\n\t\t\t\t\t\t\t\t\t\n<h2 class=\"wp-block-heading\">Mentions l\u00e9gales<\/h2>\n\n\n\n<h3 class=\"wp-block-heading\">Propri\u00e9taire du site web<\/h3>\n\n\n\n<p><strong>ZTC International Co.<\/strong><br>Place de l&rsquo;Yser 8, 1000 Bruxelles, Belgique<br>Entrep\u00f4t : Avenue du Port 108\u2013110, B\u00e2timent D, 2e \u00e9tage, Bruxelles, Belgique<br>Num\u00e9ro de TVA : BE1029119025<br>E-mail : <a href=\"mailto:info@ztcinternational.eu\">info@ztcinternational.eu<\/a><br>T\u00e9l\u00e9phone : +32 472 527 854<\/p>\n\n\n\n<h3 class=\"wp-block-heading\">H\u00e9bergement<\/h3>\n\n\n\n<p>Ce site web est h\u00e9berg\u00e9 au sein de l&rsquo;Union europ\u00e9enne par un fournisseur conforme au RGPD.<\/p>\n\n\n\n<h3 class=\"wp-block-heading\">Donn\u00e9es personnelles<\/h3>\n\n\n\n<p>Le formulaire de contact collecte des donn\u00e9es personnelles limit\u00e9es (nom, e-mail, num\u00e9ro de t\u00e9l\u00e9phone) uniquement \u00e0 des fins de communication commerciale. <br>ZTC International ne partage ni ne vend ces informations.<br>Pour toute demande concernant vos donn\u00e9es, contactez : <a href=\"mailto:info@ztcinternational.eu\">info@ztcinternational.eu<\/a>.<\/p>\n\n\n\n<h3 class=\"wp-block-heading\">Propri\u00e9t\u00e9 intellectuelle<\/h3>\n\n\n\n<p>Tout le contenu de ce site web (textes, images et logos) est la propri\u00e9t\u00e9 exclusive de ZTC International Co. Toute reproduction ou distribution non autoris\u00e9e, en tout ou en partie, est strictement interdite sans consentement \u00e9crit pr\u00e9alable.<\/p>\n\n\n\n<h3 class=\"wp-block-heading\">Droit applicable<\/h3>\n\n\n\n<p>Ce site web est r\u00e9gi par le droit belge. Tout litige rel\u00e8ve de la comp\u00e9tence exclusive des tribunaux de Bruxelles, Belgique.<\/p>\n\n\n\n<p>Derni\u00e8re mise \u00e0 jour : novembre 2025<\/p>\n\n\t\t\t\t\t\t\t\t<\/div>\n\t\t\t\t\t<\/div>\n\t\t\t\t<\/div>\n\t\t\t\t<\/div>\n\t\t","protected":false},"excerpt":{"rendered":"<p>Mentions l\u00e9gales Propri\u00e9taire du site web ZTC International Co.Place de l&rsquo;Yser 8, 1000 Bruxelles, BelgiqueEntrep\u00f4t : Avenue du Port 108\u2013110, B\u00e2timent D, [&hellip;]<\/p>\n","protected":false},"author":1,"featured_media":0,"parent":0,"menu_order":0,"comment_status":"closed","ping_status":"closed","template":"","meta":{"footnotes":""},"class_list":["post-568","page","type-page","status-publish","hentry"],"_hostinger_reach_plugin_has_subscription_block":false,"_hostinger_reach_plugin_is_elementor":false,"_links":{"self":[{"href":"https:\/\/ztcinternational.eu\/fr\/wp-json\/wp\/v2\/pages\/568","targetHints":{"allow":["GET"]}}],"collection":[{"href":"https:\/\/ztcinternational.eu\/fr\/wp-json\/wp\/v2\/pages"}],"about":[{"href":"https:\/\/ztcinternational.eu\/fr\/wp-json\/wp\/v2\/types\/page"}],"author":[{"embeddable":true,"href":"https:\/\/ztcinternational.eu\/fr\/wp-json\/wp\/v2\/users\/1"}],"replies":[{"embeddable":true,"href":"https:\/\/ztcinternational.eu\/fr\/wp-json\/wp\/v2\/comments?post=568"}],"version-history":[{"count":3,"href":"https:\/\/ztcinternational.eu\/fr\/wp-json\/wp\/v2\/pages\/568\/revisions"}],"predecessor-version":[{"id":571,"href":"https:\/\/ztcinternational.eu\/fr\/wp-json\/wp\/v2\/pages\/568\/revisions\/571"}],"wp:attachment":[{"href":"https:\/\/ztcinternational.eu\/fr\/wp-json\/wp\/v2\/media?parent=568"}],"curies":[{"name":"wp","href":"https:\/\/api.w.org\/{rel}","templated":true}]}}